{"id":1144,"date":"2020-06-10T19:59:51","date_gmt":"2020-06-10T17:59:51","guid":{"rendered":"https:\/\/titanic.eu\/?page_id=1144"},"modified":"2023-10-25T11:53:53","modified_gmt":"2023-10-25T09:53:53","slug":"inicio","status":"publish","type":"page","link":"https:\/\/titanic.eu\/en\/","title":{"rendered":"Home"},"content":{"rendered":"<div data-elementor-type=\"wp-post\" data-elementor-id=\"1144\" class=\"elementor elementor-1144\" data-elementor-post-type=\"page\">\n\t\t\t\t\t\t<section class=\"elementor-section elementor-top-section elementor-element elementor-element-ebbvtxj elementor-section-full_width elementor-section-height-default elementor-section-height-default\" data-id=\"ebbvtxj\" data-element_type=\"section\" data-e-type=\"section\" data-settings=\"{&quot;background_background&quot;:&quot;classic&quot;}\">\n\t\t\t\t\t\t<div class=\"elementor-container elementor-column-gap-no\">\n\t\t\t\t\t<div class=\"elementor-column elementor-col-100 elementor-top-column elementor-element elementor-element-symeqmy\" data-id=\"symeqmy\" data-element_type=\"column\" data-e-type=\"column\">\n\t\t\t<div class=\"elementor-widget-wrap elementor-element-populated\">\n\t\t\t\t\t\t<div class=\"elementor-element elementor-element-lxdexqf elementor-widget elementor-widget-themo-slider\" data-id=\"lxdexqf\" data-element_type=\"widget\" data-e-type=\"widget\" data-widget_type=\"themo-slider.default\">\n\t\t\t\t<div class=\"elementor-widget-container\">\n\t\t\t\t\t\n\t\t<div id=\"main-flex-slider\" class=\"flexslider\">\n\t\t\t<ul class=\"slides\">\n\t\t\t\t\n                    \n                    \n\t\t\t\t\t\t\t\t\t\t                    \n                    <li class=\"elementor-repeater-item-58742b8\">\n\t\t\t\t\t\t<div class=\"slider-bg slide-cal-center\">\n                            <div class=\"th-slide-wrap th-slider-overlay has-image-bg\">\n                                <div class=\"th-slide-inner  th-centered\">\n                                    <div class=\"th-slide-content\">\n                                                                                    <h1 class=\"slider-title\">NOW OPEN IN NEW YORK<\/h1>\n                                        \n                                                                                    <div class=\"slider-subtitle\">\n                                                <p>For a limited time<\/p>\n                                            <\/div>\n                                                                                                                            <div class=\"th-btn-wrap\">\n                                                                                                                                                            <a class=\"btn-1 btn th-btn btn-cta-primary\" href=\"https:\/\/feverup.com\/m\/116581\">\n                                                                                                                            GET YOUR TICKETS                                                                                                                    <\/a>\n                                                                                                                                                                                                <\/div>\n                                        \n                                        \n                                                                                                                                                                            \n                                            <div><\/div>                                                                            <\/div>\n                                <\/div>\n\t\t\t\t\t\t\t<\/div>\n\t\t\t\t\t\t<\/div>\n\t\t\t\t\t<\/li>\n\t\t\t\t\n                    \n                    \n\t\t\t\t\t\t\t\t\t\t                    \n                    <li class=\"elementor-repeater-item-60afbb5\">\n\t\t\t\t\t\t<div class=\"slider-bg slide-cal-center\">\n                            <div class=\"th-slide-wrap th-slider-overlay has-image-bg th-slide-wrap th-slider-overlay has-image-bg\">\n                                <div class=\"th-slide-inner  th-centered\">\n                                    <div class=\"th-slide-content\">\n                                                                                    <h1 class=\"slider-title\">DISCOVER THE REAL HISTORY<\/h1>\n                                        \n                                                                                    <div class=\"slider-subtitle\">\n                                                <p>of the most legendary ship of all time<\/p>\n                                            <\/div>\n                                                                                                                            <div class=\"th-btn-wrap\">\n                                                                                                                                                            <a class=\"btn-1 btn th-btn btn-standard-light\" href=\"https:\/\/titanic.eu\/en\/la-leyenda\/\">\n                                                                                                                            MORE INFORMATION                                                                                                                    <\/a>\n                                                                                                                                                                                                <\/div>\n                                        \n                                        \n                                                                                                                                                                            \n                                            <div><\/div>                                                                            <\/div>\n                                <\/div>\n\t\t\t\t\t\t\t<\/div>\n\t\t\t\t\t\t<\/div>\n\t\t\t\t\t<\/li>\n\t\t\t\t\n                    \n                    \n\t\t\t\t\t\t\t\t\t\t                    \n                    <li class=\"elementor-repeater-item-b92b754\">\n\t\t\t\t\t\t<div class=\"slider-bg slide-cal-center\">\n                            <div class=\"th-slide-wrap th-slider-overlay has-image-bg th-slide-wrap th-slider-overlay has-image-bg th-slide-wrap th-slider-overlay has-image-bg\">\n                                <div class=\"th-slide-inner  th-centered\">\n                                    <div class=\"th-slide-content\">\n                                                                                    <h1 class=\"slider-title\">A UNIQUE COLLECTION<\/h1>\n                                        \n                                                                                    <div class=\"slider-subtitle\">\n                                                <p>With more than 200 original artifacts<\/p>\n                                            <\/div>\n                                                                                                                            <div class=\"th-btn-wrap\">\n                                                                                                                                                            <a class=\"btn-1 btn th-btn btn-standard-light\" href=\"https:\/\/titanic.eu\/en\/la-exposicion\/los-objetos-originales\/\">\n                                                                                                                            More information                                                                                                                    <\/a>\n                                                                                                                                                                                                <\/div>\n                                        \n                                        \n                                                                                                                                                                            \n                                            <div><\/div>                                                                            <\/div>\n                                <\/div>\n\t\t\t\t\t\t\t<\/div>\n\t\t\t\t\t\t<\/div>\n\t\t\t\t\t<\/li>\n\t\t\t\t\t\t\t<\/ul>\n\n\t\t\t\t\t<\/div>\n\n\t\t<script>\n\t\t\tjQuery( function ( $ ) {\n\n\t\t\t\tthemo_start_flex_slider(\n\t\t\t\t\t'.flexslider',\n                    true,\n\t\t\t\t\t'fade',\n\t\t\t\t\t'swing',\n\t\t\t\t\ttrue,\n\t\t\t\t\ttrue,\n\t\t\t\t\t4000,\n\t\t\t\t\t550,\n\t\t\t\t\tfalse,\n\t\t\t\t\ttrue,\n\t\t\t\t\ttrue,\n\t\t\t\t\ttrue,\n\t\t\t\t\ttrue\t\t\t\t);\n\t\t\t} );\n\t\t<\/script>\n\t\t\t\t\t\t<\/div>\n\t\t\t\t<\/div>\n\t\t\t\t\t<\/div>\n\t\t<\/div>\n\t\t\t\t\t<\/div>\n\t\t<\/section>\n\t\t\t\t<section class=\"elementor-section elementor-top-section elementor-element elementor-element-d521306 elementor-section-boxed elementor-section-height-default elementor-section-height-default\" data-id=\"d521306\" data-element_type=\"section\" data-e-type=\"section\" data-settings=\"{&quot;background_background&quot;:&quot;classic&quot;}\">\n\t\t\t\t\t\t<div class=\"elementor-container elementor-column-gap-default\">\n\t\t\t\t\t<div class=\"elementor-column elementor-col-100 elementor-top-column elementor-element elementor-element-496cca83\" data-id=\"496cca83\" data-element_type=\"column\" data-e-type=\"column\">\n\t\t\t<div class=\"elementor-widget-wrap elementor-element-populated\">\n\t\t\t\t\t\t<div class=\"elementor-element elementor-element-71ec2c38 elementor-widget elementor-widget-spacer\" data-id=\"71ec2c38\" data-element_type=\"widget\" data-e-type=\"widget\" data-widget_type=\"spacer.default\">\n\t\t\t\t<div class=\"elementor-widget-container\">\n\t\t\t\t\t\t\t<div class=\"elementor-spacer\">\n\t\t\t<div class=\"elementor-spacer-inner\"><\/div>\n\t\t<\/div>\n\t\t\t\t\t\t<\/div>\n\t\t\t\t<\/div>\n\t\t\t\t<section class=\"elementor-section elementor-inner-section elementor-element elementor-element-411d004 elementor-section-boxed elementor-section-height-default elementor-section-height-default\" data-id=\"411d004\" data-element_type=\"section\" data-e-type=\"section\">\n\t\t\t\t\t\t<div class=\"elementor-container elementor-column-gap-default\">\n\t\t\t\t\t<div class=\"elementor-column elementor-col-50 elementor-inner-column elementor-element elementor-element-0918bbd\" data-id=\"0918bbd\" data-element_type=\"column\" data-e-type=\"column\">\n\t\t\t<div class=\"elementor-widget-wrap elementor-element-populated\">\n\t\t\t\t\t\t<div class=\"elementor-element elementor-element-5f5b6223 elementor-view-default elementor-position-top elementor-widget elementor-widget-themo-header\" data-id=\"5f5b6223\" data-element_type=\"widget\" data-e-type=\"widget\" data-widget_type=\"themo-header.default\">\n\t\t\t\t<div class=\"elementor-widget-container\">\n\t\t\t\t\t\t\t<div class=\"th-header-wrap\">\n        <div class=\"elementor-icon-box-wrapper th-show-icon\">\n                            <div class=\"elementor-icon-box-icon th-icon-size-md\">\n                    <span class=\"elementor-icon\">\n                        <i class=\"th-linea icon-basic-star\" aria-hidden=\"true\" fff><\/i>                    <\/span>\n                <\/div>\n                                <div class=\"elementor-icon-box-content\">\n                    <h2 class=\"elementor-icon-box-title\">\n                        An unforgettable experience                    <\/h2>\n                                        <p class=\"elementor-icon-box-description\"><\/p>\n\n                                    <\/div>\n            <\/div>\n\n        <\/div>\n\n\t\t\t\t\t\t<\/div>\n\t\t\t\t<\/div>\n\t\t\t\t<div class=\"elementor-element elementor-element-9fffc7e elementor-widget elementor-widget-text-editor\" data-id=\"9fffc7e\" data-element_type=\"widget\" data-e-type=\"widget\" data-widget_type=\"text-editor.default\">\n\t\t\t\t<div class=\"elementor-widget-container\">\n\t\t\t\t\t\t\t\t\t<p class=\"translation-block\">More than 200 original objects. Replicas of the inside of the ship. <br>Visited by around<strong> 3 million people <\/strong>all over the world!<\/p>\t\t\t\t\t\t\t\t<\/div>\n\t\t\t\t<\/div>\n\t\t\t\t\t<\/div>\n\t\t<\/div>\n\t\t\t\t<div class=\"elementor-column elementor-col-50 elementor-inner-column elementor-element elementor-element-02a83b8\" data-id=\"02a83b8\" data-element_type=\"column\" data-e-type=\"column\" data-settings=\"{&quot;background_background&quot;:&quot;classic&quot;}\">\n\t\t\t<div class=\"elementor-widget-wrap elementor-element-populated\">\n\t\t\t\t\t\t<div class=\"elementor-element elementor-element-ff37d11 elementor-widget elementor-widget-video\" data-id=\"ff37d11\" data-element_type=\"widget\" data-e-type=\"widget\" data-settings=\"{&quot;youtube_url&quot;:&quot;https:\\\/\\\/www.youtube.com\\\/watch?v=DndtFfy9eq8&quot;,&quot;video_type&quot;:&quot;youtube&quot;,&quot;controls&quot;:&quot;yes&quot;}\" data-widget_type=\"video.default\">\n\t\t\t\t<div class=\"elementor-widget-container\">\n\t\t\t\t\t\t\t<div class=\"elementor-wrapper elementor-open-inline\">\n\t\t\t<div class=\"elementor-video\"><\/div>\t\t<\/div>\n\t\t\t\t\t\t<\/div>\n\t\t\t\t<\/div>\n\t\t\t\t\t<\/div>\n\t\t<\/div>\n\t\t\t\t\t<\/div>\n\t\t<\/section>\n\t\t\t\t<div class=\"elementor-element elementor-element-385f9bd7 elementor-widget elementor-widget-spacer\" data-id=\"385f9bd7\" data-element_type=\"widget\" data-e-type=\"widget\" data-widget_type=\"spacer.default\">\n\t\t\t\t<div class=\"elementor-widget-container\">\n\t\t\t\t\t\t\t<div class=\"elementor-spacer\">\n\t\t\t<div class=\"elementor-spacer-inner\"><\/div>\n\t\t<\/div>\n\t\t\t\t\t\t<\/div>\n\t\t\t\t<\/div>\n\t\t\t\t\t<\/div>\n\t\t<\/div>\n\t\t\t\t\t<\/div>\n\t\t<\/section>\n\t\t\t\t<section class=\"elementor-section elementor-top-section elementor-element elementor-element-7927304b elementor-section-full_width elementor-section-height-default elementor-section-height-default\" data-id=\"7927304b\" data-element_type=\"section\" data-e-type=\"section\">\n\t\t\t\t\t\t<div class=\"elementor-container elementor-column-gap-no\">\n\t\t\t\t\t<div class=\"elementor-column elementor-col-100 elementor-top-column elementor-element elementor-element-1314ecde\" data-id=\"1314ecde\" data-element_type=\"column\" data-e-type=\"column\">\n\t\t\t<div class=\"elementor-widget-wrap elementor-element-populated\">\n\t\t\t\t\t\t<div class=\"elementor-element elementor-element-3b77eb8 elementor-widget elementor-widget-google_maps\" data-id=\"3b77eb8\" data-element_type=\"widget\" data-e-type=\"widget\" data-widget_type=\"google_maps.default\">\n\t\t\t\t<div class=\"elementor-widget-container\">\n\t\t\t\t\t\t\t<div class=\"elementor-custom-embed\">\n\t\t\t<iframe loading=\"lazy\"\n\t\t\t\t\tsrc=\"https:\/\/maps.google.com\/maps?q=526%206th%20Ave%2C%20New%20York%2C%20NY%2010011%2C%20USA&#038;t=m&#038;z=15&#038;output=embed&#038;iwloc=near\"\n\t\t\t\t\ttitle=\"526 6th Ave, New York, NY 10011, USA\"\n\t\t\t\t\taria-label=\"526 6th Ave, New York, NY 10011, USA\"\n\t\t\t><\/iframe>\n\t\t<\/div>\n\t\t\t\t\t\t<\/div>\n\t\t\t\t<\/div>\n\t\t\t\t\t<\/div>\n\t\t<\/div>\n\t\t\t\t\t<\/div>\n\t\t<\/section>\n\t\t\t\t<section class=\"elementor-section elementor-top-section elementor-element elementor-element-f06cf32 elementor-section-boxed elementor-section-height-default elementor-section-height-default\" data-id=\"f06cf32\" data-element_type=\"section\" data-e-type=\"section\" data-settings=\"{&quot;background_background&quot;:&quot;classic&quot;}\">\n\t\t\t\t\t\t<div class=\"elementor-container elementor-column-gap-default\">\n\t\t\t\t\t<div class=\"elementor-column elementor-col-100 elementor-top-column elementor-element elementor-element-24f2b2f\" data-id=\"24f2b2f\" data-element_type=\"column\" data-e-type=\"column\">\n\t\t\t<div class=\"elementor-widget-wrap elementor-element-populated\">\n\t\t\t\t\t\t<div class=\"elementor-element elementor-element-5a25c0a elementor-widget elementor-widget-themo-call-to-action\" data-id=\"5a25c0a\" data-element_type=\"widget\" data-e-type=\"widget\" data-widget_type=\"themo-call-to-action.default\">\n\t\t\t\t<div class=\"elementor-widget-container\">\n\t\t\t\t\t\t\t<div class=\"th-cta\">\n\t\t\t\t\t        <div class=\"th-cta-text\">\n\t\t            <span>Follow us on social media and keep up to date with all the news from the exhibition.<\/span>\n\t\t        <\/div>\n\t\t    \n                        <div class=\"th-cta-btn\">\n\n                                    <a class=\"btn-1 btn th-btn btn-standard-light\" href=\"\/en\/www.instagram.com\/titanictheexhibition\/\" target=\"_blank\">\n                                                    Follow us                                            <\/a>\n                \n                            <\/div>\n            \t\t<\/div>\n\t\t\t\t\t\t<\/div>\n\t\t\t\t<\/div>\n\t\t\t\t\t<\/div>\n\t\t<\/div>\n\t\t\t\t\t<\/div>\n\t\t<\/section>\n\t\t\t\t<\/div>","protected":false},"excerpt":{"rendered":"<p>YA ABIERTA EN MANHATTAN, NUEVA YORK Por un tiempo limitado COMPRA TUS ENTRADAS DESCUBRE LA VERDADERA HISTORIA del buque m\u00e1s m\u00edtico de todos los tiempos M\u00c1S INFORMACI\u00d3N UNA COLECCI\u00d3N \u00daNICA Con m\u00e1s de 200 objetos originales M\u00e1s informaci\u00f3n Una experiencia &hellip; <a href=\"https:\/\/titanic.eu\/en\/\">Read More<\/a><\/p>","protected":false},"author":5,"featured_media":0,"parent":0,"menu_order":1,"comment_status":"closed","ping_status":"closed","template":"","meta":{"_acf_changed":false,"_seopress_robots_primary_cat":"","_seopress_titles_title":"Titanic The Exhibition - Opening soon in NYC","_seopress_titles_desc":"A journey through the Titanic\u2019s true story, arriving for the first time in NYC, USA. Get your tickets now!","_seopress_robots_index":"","footnotes":""},"class_list":["post-1144","page","type-page","status-publish","hentry"],"acf":[],"_links":{"self":[{"href":"https:\/\/titanic.eu\/en\/wp-json\/wp\/v2\/pages\/1144","targetHints":{"allow":["GET"]}}],"collection":[{"href":"https:\/\/titanic.eu\/en\/wp-json\/wp\/v2\/pages"}],"about":[{"href":"https:\/\/titanic.eu\/en\/wp-json\/wp\/v2\/types\/page"}],"author":[{"embeddable":true,"href":"https:\/\/titanic.eu\/en\/wp-json\/wp\/v2\/users\/5"}],"replies":[{"embeddable":true,"href":"https:\/\/titanic.eu\/en\/wp-json\/wp\/v2\/comments?post=1144"}],"version-history":[{"count":260,"href":"https:\/\/titanic.eu\/en\/wp-json\/wp\/v2\/pages\/1144\/revisions"}],"predecessor-version":[{"id":1914,"href":"https:\/\/titanic.eu\/en\/wp-json\/wp\/v2\/pages\/1144\/revisions\/1914"}],"wp:attachment":[{"href":"https:\/\/titanic.eu\/en\/wp-json\/wp\/v2\/media?parent=1144"}],"curies":[{"name":"wp","href":"https:\/\/api.w.org\/{rel}","templated":true}]}}