{"id":587,"date":"2019-11-07T08:53:52","date_gmt":"2019-11-07T07:53:52","guid":{"rendered":"https:\/\/titanic.eu\/?page_id=587"},"modified":"2022-09-01T13:12:46","modified_gmt":"2022-09-01T11:12:46","slug":"politica-privacidad","status":"publish","type":"page","link":"https:\/\/titanic.eu\/en\/politica-privacidad\/","title":{"rendered":"Privacy policy"},"content":{"rendered":"<div data-elementor-type=\"wp-post\" data-elementor-id=\"587\" class=\"elementor elementor-587\" data-elementor-post-type=\"page\">\n\t\t\t\t\t\t<section class=\"elementor-section elementor-top-section elementor-element elementor-element-zuoldcu elementor-section-full_width elementor-section-height-min-height elementor-section-height-default elementor-section-items-middle\" data-id=\"zuoldcu\" data-element_type=\"section\" data-e-type=\"section\" data-settings=\"{&quot;background_background&quot;:&quot;classic&quot;}\">\n\t\t\t\t\t\t\t<div class=\"elementor-background-overlay\"><\/div>\n\t\t\t\t\t\t\t<div class=\"elementor-container elementor-column-gap-default\">\n\t\t\t\t\t<div class=\"elementor-column elementor-col-100 elementor-top-column elementor-element elementor-element-zwsiodr\" data-id=\"zwsiodr\" data-element_type=\"column\" data-e-type=\"column\">\n\t\t\t<div class=\"elementor-widget-wrap elementor-element-populated\">\n\t\t\t\t\t\t<div class=\"elementor-element elementor-element-7767b43 elementor-widget elementor-widget-spacer\" data-id=\"7767b43\" data-element_type=\"widget\" data-e-type=\"widget\" data-widget_type=\"spacer.default\">\n\t\t\t\t<div class=\"elementor-widget-container\">\n\t\t\t\t\t\t\t<div class=\"elementor-spacer\">\n\t\t\t<div class=\"elementor-spacer-inner\"><\/div>\n\t\t<\/div>\n\t\t\t\t\t\t<\/div>\n\t\t\t\t<\/div>\n\t\t\t\t<div class=\"elementor-element elementor-element-rmushfl elementor-view-default elementor-position-top elementor-widget elementor-widget-themo-header\" data-id=\"rmushfl\" data-element_type=\"widget\" data-e-type=\"widget\" data-widget_type=\"themo-header.default\">\n\t\t\t\t<div class=\"elementor-widget-container\">\n\t\t\t\t\t\t\t<div class=\"th-header-wrap\">\n        <div class=\"elementor-icon-box-wrapper\">\n                            <div class=\"elementor-icon-box-content\">\n                    <h1 class=\"elementor-icon-box-title\">\n                        TEXTOS LEGALES                    <\/h1>\n                                            <span class=\"th-header-divider\"><\/span>\n                                        <p class=\"elementor-icon-box-description\"><\/p>\n\n                                    <\/div>\n            <\/div>\n\n        <\/div>\n\n\t\t\t\t\t\t<\/div>\n\t\t\t\t<\/div>\n\t\t\t\t\t<\/div>\n\t\t<\/div>\n\t\t\t\t\t<\/div>\n\t\t<\/section>\n\t\t\t\t<section class=\"elementor-section elementor-top-section elementor-element elementor-element-omadsfl elementor-section-boxed elementor-section-height-default elementor-section-height-default\" data-id=\"omadsfl\" data-element_type=\"section\" data-e-type=\"section\">\n\t\t\t\t\t\t<div class=\"elementor-container elementor-column-gap-wide\">\n\t\t\t\t\t<div class=\"elementor-column elementor-col-100 elementor-top-column elementor-element elementor-element-dqiirdd\" data-id=\"dqiirdd\" data-element_type=\"column\" data-e-type=\"column\">\n\t\t\t<div class=\"elementor-widget-wrap elementor-element-populated\">\n\t\t\t\t\t\t<div class=\"elementor-element elementor-element-jmgyzpv elementor-widget elementor-widget-spacer\" data-id=\"jmgyzpv\" data-element_type=\"widget\" data-e-type=\"widget\" data-widget_type=\"spacer.default\">\n\t\t\t\t<div class=\"elementor-widget-container\">\n\t\t\t\t\t\t\t<div class=\"elementor-spacer\">\n\t\t\t<div class=\"elementor-spacer-inner\"><\/div>\n\t\t<\/div>\n\t\t\t\t\t\t<\/div>\n\t\t\t\t<\/div>\n\t\t\t\t<div class=\"elementor-element elementor-element-edklrnv elementor-position-left elementor-view-default elementor-widget elementor-widget-themo-header\" data-id=\"edklrnv\" data-element_type=\"widget\" data-e-type=\"widget\" data-widget_type=\"themo-header.default\">\n\t\t\t\t<div class=\"elementor-widget-container\">\n\t\t\t\t\t\t\t<div class=\"th-header-wrap\">\n        <div class=\"elementor-icon-box-wrapper\">\n                            <div class=\"elementor-icon-box-content\">\n                    <h2 class=\"elementor-icon-box-title\">\n                        Privacy policy                    <\/h2>\n                                        <p class=\"elementor-icon-box-description\"><\/p>\n\n                                    <\/div>\n            <\/div>\n\n        <\/div>\n\n\t\t\t\t\t\t<\/div>\n\t\t\t\t<\/div>\n\t\t\t\t<div class=\"elementor-element elementor-element-17803a8 elementor-widget elementor-widget-text-editor\" data-id=\"17803a8\" data-element_type=\"widget\" data-e-type=\"widget\" data-widget_type=\"text-editor.default\">\n\t\t\t\t<div class=\"elementor-widget-container\">\n\t\t\t\t\t\t\t\t\t<p class=\"center\">Seg\u00fan lo dispuesto en la Ley Org\u00e1nica 15\/1999, de 13 de diciembre, de Protecci\u00f3n de Datos de Car\u00e1cter Personal (LOPD), Musealia Exhibitions &amp; Museums S.L. le informa que los datos de car\u00e1cter personal facilitados en el presente formulario ser\u00e1n tratados con estricta confidencialidad y se incorporar\u00e1n en un fichero de datos de car\u00e1cter personal con el fin de poder dar tr\u00e1mite a la solicitud de informaci\u00f3n, o participaci\u00f3n en programas, o concursos, etc., enviando aquella documentaci\u00f3n necesaria, u otro tipo de documentaci\u00f3n que pudiera interesar a efectos de la relaci\u00f3n establecida, ya sea durante el tr\u00e1mite de dicha solicitud como a la terminaci\u00f3n de la misma.<\/p><p class=\"center\">As\u00ed mismo le comunicamos que Musealia Exhibitions &amp; Museums S.L. ha adoptado las medidas y niveles de seguridad de protecci\u00f3n de los datos personales exigidos por la Ley Org\u00e1nica 15\/1999, de 13 de diciembre, de Protecci\u00f3n de Datos de car\u00e1cter personal y su normativa de desarrollo. Y se compromete a cumplir con la obligaci\u00f3n de secreto respecto de los datos incluidos en el fichero. Igualmente, le informamos de su facultad, en cualquier momento, de acceder a la informaci\u00f3n relativa a su persona para su consulta, rectificaci\u00f3n, cancelaci\u00f3n o para oponerse a cualquier otro posible uso de ella salvo, en su caso, los datos necesarios para atenderle.<\/p><p class=\"center\">Le agradeceremos que para cuestiones relacionadas con el ejercicio de sus derechos o para cualquier otra informaci\u00f3n o aclaraci\u00f3n al respecto, se dirija a: Musealia Exhibitions &amp; Museums S.L., sita en Paseo de los Fueros, 1, 1-H, 20005\u00a0 San Sebasti\u00e1n (Guip\u00fazcoa) o a la direcci\u00f3n de correo electr\u00f3nico: info@musealia.net<\/p>\t\t\t\t\t\t\t\t<\/div>\n\t\t\t\t<\/div>\n\t\t\t\t<div class=\"elementor-element elementor-element-9524d1e elementor-widget elementor-widget-spacer\" data-id=\"9524d1e\" data-element_type=\"widget\" data-e-type=\"widget\" data-widget_type=\"spacer.default\">\n\t\t\t\t<div class=\"elementor-widget-container\">\n\t\t\t\t\t\t\t<div class=\"elementor-spacer\">\n\t\t\t<div class=\"elementor-spacer-inner\"><\/div>\n\t\t<\/div>\n\t\t\t\t\t\t<\/div>\n\t\t\t\t<\/div>\n\t\t\t\t\t<\/div>\n\t\t<\/div>\n\t\t\t\t\t<\/div>\n\t\t<\/section>\n\t\t\t\t<\/div>","protected":false},"excerpt":{"rendered":"<p>TEXTOS LEGALES Pol\u00edtica de privacidad Seg\u00fan lo dispuesto en la Ley Org\u00e1nica 15\/1999, de 13 de diciembre, de Protecci\u00f3n de Datos de Car\u00e1cter Personal (LOPD), Musealia Exhibitions &amp; Museums S.L. le informa que los datos de car\u00e1cter personal facilitados en &hellip; <a href=\"https:\/\/titanic.eu\/en\/politica-privacidad\/\">Read More<\/a><\/p>","protected":false},"author":2,"featured_media":0,"parent":0,"menu_order":9,"comment_status":"closed","ping_status":"closed","template":"","meta":{"_acf_changed":false,"_seopress_robots_primary_cat":"","_seopress_titles_title":"","_seopress_titles_desc":"","_seopress_robots_index":"","footnotes":""},"class_list":["post-587","page","type-page","status-publish","hentry"],"acf":[],"_links":{"self":[{"href":"https:\/\/titanic.eu\/en\/wp-json\/wp\/v2\/pages\/587","targetHints":{"allow":["GET"]}}],"collection":[{"href":"https:\/\/titanic.eu\/en\/wp-json\/wp\/v2\/pages"}],"about":[{"href":"https:\/\/titanic.eu\/en\/wp-json\/wp\/v2\/types\/page"}],"author":[{"embeddable":true,"href":"https:\/\/titanic.eu\/en\/wp-json\/wp\/v2\/users\/2"}],"replies":[{"embeddable":true,"href":"https:\/\/titanic.eu\/en\/wp-json\/wp\/v2\/comments?post=587"}],"version-history":[{"count":11,"href":"https:\/\/titanic.eu\/en\/wp-json\/wp\/v2\/pages\/587\/revisions"}],"predecessor-version":[{"id":1027,"href":"https:\/\/titanic.eu\/en\/wp-json\/wp\/v2\/pages\/587\/revisions\/1027"}],"wp:attachment":[{"href":"https:\/\/titanic.eu\/en\/wp-json\/wp\/v2\/media?parent=587"}],"curies":[{"name":"wp","href":"https:\/\/api.w.org\/{rel}","templated":true}]}}