{"id":592,"date":"2019-11-07T08:59:32","date_gmt":"2019-11-07T07:59:32","guid":{"rendered":"https:\/\/titanic.eu\/?page_id=592"},"modified":"2022-09-01T13:12:46","modified_gmt":"2022-09-01T11:12:46","slug":"aviso-legal","status":"publish","type":"page","link":"https:\/\/titanic.eu\/en\/aviso-legal\/","title":{"rendered":"Legal notice"},"content":{"rendered":"<div data-elementor-type=\"wp-post\" data-elementor-id=\"592\" class=\"elementor elementor-592\" data-elementor-post-type=\"page\">\n\t\t\t\t\t\t<section class=\"elementor-section elementor-top-section elementor-element elementor-element-zuoldcu elementor-section-full_width elementor-section-height-min-height elementor-section-height-default elementor-section-items-middle\" data-id=\"zuoldcu\" data-element_type=\"section\" data-e-type=\"section\" data-settings=\"{&quot;background_background&quot;:&quot;classic&quot;}\">\n\t\t\t\t\t\t\t<div class=\"elementor-background-overlay\"><\/div>\n\t\t\t\t\t\t\t<div class=\"elementor-container elementor-column-gap-default\">\n\t\t\t\t\t<div class=\"elementor-column elementor-col-100 elementor-top-column elementor-element elementor-element-zwsiodr\" data-id=\"zwsiodr\" data-element_type=\"column\" data-e-type=\"column\">\n\t\t\t<div class=\"elementor-widget-wrap elementor-element-populated\">\n\t\t\t\t\t\t<div class=\"elementor-element elementor-element-7767b43 elementor-widget elementor-widget-spacer\" data-id=\"7767b43\" data-element_type=\"widget\" data-e-type=\"widget\" data-widget_type=\"spacer.default\">\n\t\t\t\t<div class=\"elementor-widget-container\">\n\t\t\t\t\t\t\t<div class=\"elementor-spacer\">\n\t\t\t<div class=\"elementor-spacer-inner\"><\/div>\n\t\t<\/div>\n\t\t\t\t\t\t<\/div>\n\t\t\t\t<\/div>\n\t\t\t\t<div class=\"elementor-element elementor-element-rmushfl elementor-view-default elementor-position-top elementor-widget elementor-widget-themo-header\" data-id=\"rmushfl\" data-element_type=\"widget\" data-e-type=\"widget\" data-widget_type=\"themo-header.default\">\n\t\t\t\t<div class=\"elementor-widget-container\">\n\t\t\t\t\t\t\t<div class=\"th-header-wrap\">\n        <div class=\"elementor-icon-box-wrapper\">\n                            <div class=\"elementor-icon-box-content\">\n                    <h1 class=\"elementor-icon-box-title\">\n                        TEXTOS LEGALES                    <\/h1>\n                                            <span class=\"th-header-divider\"><\/span>\n                                        <p class=\"elementor-icon-box-description\"><\/p>\n\n                                    <\/div>\n            <\/div>\n\n        <\/div>\n\n\t\t\t\t\t\t<\/div>\n\t\t\t\t<\/div>\n\t\t\t\t\t<\/div>\n\t\t<\/div>\n\t\t\t\t\t<\/div>\n\t\t<\/section>\n\t\t\t\t<section class=\"elementor-section elementor-top-section elementor-element elementor-element-omadsfl elementor-section-boxed elementor-section-height-default elementor-section-height-default\" data-id=\"omadsfl\" data-element_type=\"section\" data-e-type=\"section\">\n\t\t\t\t\t\t<div class=\"elementor-container elementor-column-gap-wide\">\n\t\t\t\t\t<div class=\"elementor-column elementor-col-100 elementor-top-column elementor-element elementor-element-dqiirdd\" data-id=\"dqiirdd\" data-element_type=\"column\" data-e-type=\"column\">\n\t\t\t<div class=\"elementor-widget-wrap elementor-element-populated\">\n\t\t\t\t\t\t<div class=\"elementor-element elementor-element-jmgyzpv elementor-widget elementor-widget-spacer\" data-id=\"jmgyzpv\" data-element_type=\"widget\" data-e-type=\"widget\" data-widget_type=\"spacer.default\">\n\t\t\t\t<div class=\"elementor-widget-container\">\n\t\t\t\t\t\t\t<div class=\"elementor-spacer\">\n\t\t\t<div class=\"elementor-spacer-inner\"><\/div>\n\t\t<\/div>\n\t\t\t\t\t\t<\/div>\n\t\t\t\t<\/div>\n\t\t\t\t<div class=\"elementor-element elementor-element-edklrnv elementor-position-left elementor-view-default elementor-widget elementor-widget-themo-header\" data-id=\"edklrnv\" data-element_type=\"widget\" data-e-type=\"widget\" data-widget_type=\"themo-header.default\">\n\t\t\t\t<div class=\"elementor-widget-container\">\n\t\t\t\t\t\t\t<div class=\"th-header-wrap\">\n        <div class=\"elementor-icon-box-wrapper\">\n                            <div class=\"elementor-icon-box-content\">\n                    <h2 class=\"elementor-icon-box-title\">\n                        Aviso Legal                    <\/h2>\n                                        <p class=\"elementor-icon-box-description\"><\/p>\n\n                                    <\/div>\n            <\/div>\n\n        <\/div>\n\n\t\t\t\t\t\t<\/div>\n\t\t\t\t<\/div>\n\t\t\t\t<div class=\"elementor-element elementor-element-17803a8 elementor-widget elementor-widget-text-editor\" data-id=\"17803a8\" data-element_type=\"widget\" data-e-type=\"widget\" data-widget_type=\"text-editor.default\">\n\t\t\t\t<div class=\"elementor-widget-container\">\n\t\t\t\t\t\t\t\t\t<p>La presente web ha sido creada por Titanic The Exhibition con car\u00e1cter informativo y para su utilizaci\u00f3n gratuita y personal por el usuario de la misma. El acceso y la utilizaci\u00f3n de los contenidos de la Web son de la exclusiva y \u00fanica responsabilidad del usuario e implican el conocimiento y aceptaci\u00f3n por parte de \u00e9ste de los siguientes t\u00e9rminos:<\/p><p><strong>1. Titularidad<\/strong><br \/>www.titanic.es es un dominio en Internet de titularidad de Musealia Exhibitions &amp; Museums S.L., con direcci\u00f3n Paseo de los Fueros 1 1H, 20005, San Sebasti\u00e1n, Guip\u00fazcoa. CIF B- 17618745.<\/p><p><strong>2. Limitaciones de uso<\/strong><br \/>Los usuarios que accedan a esta Web est\u00e1n autorizados para visualizar toda la informaci\u00f3n y contenidos de la misma as\u00ed como para efectuar su descarga o \u00abdownload\u00bb. Titanic The Exhibition se reserva el derecho de prohibir o impedir el acceso a cualquier usuario que introduzca en la Web cualquier tipo de contenido contrario a las normas legales o la moral y cooperar\u00e1 con las autoridades en la identificaci\u00f3n de las personas responsables que introduzcan en la Web contenidos que puedan suponer una violaci\u00f3n de la ley.<\/p><p class=\"translation-block\"><strong>3. Propiedad intelectual<\/strong><br>Titanic The Exhibition tiene licencia de uso para reproducir y comunicar p\u00fablicamente los textos y elementos gr\u00e1ficos que aparecen en esta Web. El usuario conoce que los referidos contenidos se encuentran protegidos por los derechos de propiedad intelectual que, en su caso, correspondan a Titanic The Exhibition y a quienes ostenten la condici\u00f3n de autores o a sus herederos, conforme a la legislaci\u00f3n vigente en el \u00e1mbito de la propiedad intelectual, singularmente a lo dispuesto en el Real Decreto Legislativo 1\/1996, de 12 de abril, por el que se aprueba el Texto Refundido de la Ley de Propiedad Intelectual. La comunicaci\u00f3n p\u00fablica de los contenidos a trav\u00e9s de la Web no implicar\u00e1 en ning\u00fan caso la cesi\u00f3n, renuncia o transmisi\u00f3n, total o parcial, de los correspondientes derechos de propiedad intelectual. La infracci\u00f3n de los derechos de propiedad intelectual por el usuario se encuentra sujeta a la exigencia de la correspondiente responsabilidad legal por cualquier uso, fuera de los permitidos, que suponga la violaci\u00f3n de tales derechos.<\/p><p class=\"translation-block\"><strong>4. Responsabilidad<\/strong><br>Titanic The Exhibition \u00fanicamente ser\u00e1 responsable de la informaci\u00f3n contenida en esta Web que haya sido generada por la propia exposici\u00f3n. Titanic The Exhibition no ser\u00e1 responsable de las opiniones vertidas por los usuarios a trav\u00e9s de los foros u otras herramientas de participaci\u00f3n que pudieran desarrollarse. Asimismo, Titanic The Exhibition no asume ninguna responsabilidad por las informaciones contenidas en otras Webs no gestionadas directamente por Titanic The Exhibition a las que esta Web pueda remitir por medio de enlaces hipertextuales (links). Titanic The Exhibition no responder\u00e1 de los da\u00f1os y perjuicios que pudiera ocasionar la existencia de virus u otros elementos que pudieran causar da\u00f1os en los sistemas inform\u00e1ticos, en los documentos electr\u00f3nicos o en los ficheros de usuario de este sitio Web o de sitios Web de terceros. Asimismo, Titanic The Exhibition no responder\u00e1 de cualquier interrupci\u00f3n, error o fallo que se produzca en el sistema como consecuencia de un mal funcionamiento de la red o de los servidores conectados a la misma.<\/p><p class=\"translation-block\"><strong>5. Modificaciones<\/strong><br>Titanic The Exhibition se reserva el derecho de modificar, de forma unilateral y sin aviso previo, la prestaci\u00f3n, configuraci\u00f3n y contenido de la p\u00e1gina Web, de forma total o parcial, as\u00ed como las condiciones de uso de la misma y el acceso a los servicios prestados.<\/p><p><strong>6. Uso de los datos de contacto de acuerdo con la Ley Org\u00e1nica 15\/1999 de Protecci\u00f3n de Datos de Car\u00e1cter Personal<\/strong><br \/>En cumplimiento con lo establecido en la Ley Org\u00e1nica 15\/1999, de 13 de diciembre, de Protecci\u00f3n de Datos de Car\u00e1cter Personal, le comunicamos que los datos facilitados por usted pasar\u00e1n a formar parte de una base de datos creada por Titanic The Exhibition con la finalidad exclusiva de poder dirigir a su atenci\u00f3n env\u00edos de informaci\u00f3n sobre las actividades organizadas por la muestra. Usted tendr\u00e1 derecho, en cualquier momento, de acceso, rectificaci\u00f3n, cancelaci\u00f3n u oposici\u00f3n respecto al tratamiento de sus datos. En ese caso, puede mandar una comunicaci\u00f3n a info@musealia.net o por correo postal adjuntando copia de identificaci\u00f3n v\u00e1lida a: Musealia Exhibitions &amp; Museums S.L.\u00a0 Avda. de la Libertad 16, 1\u00baB. 20004. San Sebasti\u00e1n. Espa\u00f1a.<\/p><p class=\"translation-block\"><strong>7. Legislaci\u00f3n aplicable y jurisdicci\u00f3n competente<\/strong><br>Las presentes advertencias legales se rigen por la legislaci\u00f3n espa\u00f1ola. Todos los conflictos que pudieran derivarse de su interpretaci\u00f3n, aplicaci\u00f3n y cumplimiento, se someter\u00e1n a los Juzgados y Tribunales de Madrid (Espa\u00f1a), renunciando expresamente las partes a cualquier otro fuero que pudiera corresponderles.<\/p><p><strong>8. Condiciones de uso de los contenidos del \u00e1rea de prensa<\/strong><br \/>El acceso y uso de los contenidos que alberga la secci\u00f3n web de prensa implica el conocimiento y aceptaci\u00f3n de las siguientes condiciones por el usuario. <br \/>-El uso de la informaci\u00f3n contenida en esta secci\u00f3n est\u00e1 destinado a periodistas y profesionales de los medios de comunicaci\u00f3n para su difusi\u00f3n en relaci\u00f3n con la actividad de Titanic The Exhibition. <br \/>-Los usuarios que accedan a esta secci\u00f3n de la web est\u00e1n autorizados para visualizar los contenidos de la misma (textos y elementos gr\u00e1ficos), reproducirlos y comunicarlos p\u00fablicamente, siempre y cuando la finalidad sea la de informar sobre Titanic The Exhibition en prensa y medios de comunicaci\u00f3n. <br \/>-Asimismo, la totalidad de las im\u00e1genes contenidas en esta web han de ir acompa\u00f1adas, en el caso de comunicaci\u00f3n p\u00fablica, del copyright siguiente: \u00a9Claes-G\u00f6ran Wetterholm Archive. <br \/>-Titanic The Exhibition tiene licencia de uso para reproducir y comunicar p\u00fablicamente los elementos gr\u00e1ficos y audiovisuales que aparecen en esta p\u00e1gina web. La publicaci\u00f3n de los contenidos no implica la cesi\u00f3n, renuncia o transmisi\u00f3n, total o parcial, de los correspondientes derechos de propiedad intelectual por parte de sus titulares. <br \/>-El usuario conoce que los contenidos y servicios ofrecidos a trav\u00e9s de la presente p\u00e1gina web se encuentran protegidos por los derechos de propiedad intelectual que, en su caso, corresponden a Titanic The Exhibition.<\/p>\t\t\t\t\t\t\t\t<\/div>\n\t\t\t\t<\/div>\n\t\t\t\t<div class=\"elementor-element elementor-element-9524d1e elementor-widget elementor-widget-spacer\" data-id=\"9524d1e\" data-element_type=\"widget\" data-e-type=\"widget\" data-widget_type=\"spacer.default\">\n\t\t\t\t<div class=\"elementor-widget-container\">\n\t\t\t\t\t\t\t<div class=\"elementor-spacer\">\n\t\t\t<div class=\"elementor-spacer-inner\"><\/div>\n\t\t<\/div>\n\t\t\t\t\t\t<\/div>\n\t\t\t\t<\/div>\n\t\t\t\t\t<\/div>\n\t\t<\/div>\n\t\t\t\t\t<\/div>\n\t\t<\/section>\n\t\t\t\t<\/div>","protected":false},"excerpt":{"rendered":"<p>TEXTOS LEGALES Aviso Legal La presente web ha sido creada por Titanic The Exhibition con car\u00e1cter informativo y para su utilizaci\u00f3n gratuita y personal por el usuario de la misma. El acceso y la utilizaci\u00f3n de los contenidos de la &hellip; <a href=\"https:\/\/titanic.eu\/en\/aviso-legal\/\">Read More<\/a><\/p>","protected":false},"author":2,"featured_media":0,"parent":0,"menu_order":5,"comment_status":"closed","ping_status":"closed","template":"","meta":{"_acf_changed":false,"_seopress_robots_primary_cat":"","_seopress_titles_title":"","_seopress_titles_desc":"","_seopress_robots_index":"","footnotes":""},"class_list":["post-592","page","type-page","status-publish","hentry"],"acf":[],"_links":{"self":[{"href":"https:\/\/titanic.eu\/en\/wp-json\/wp\/v2\/pages\/592","targetHints":{"allow":["GET"]}}],"collection":[{"href":"https:\/\/titanic.eu\/en\/wp-json\/wp\/v2\/pages"}],"about":[{"href":"https:\/\/titanic.eu\/en\/wp-json\/wp\/v2\/types\/page"}],"author":[{"embeddable":true,"href":"https:\/\/titanic.eu\/en\/wp-json\/wp\/v2\/users\/2"}],"replies":[{"embeddable":true,"href":"https:\/\/titanic.eu\/en\/wp-json\/wp\/v2\/comments?post=592"}],"version-history":[{"count":6,"href":"https:\/\/titanic.eu\/en\/wp-json\/wp\/v2\/pages\/592\/revisions"}],"predecessor-version":[{"id":1597,"href":"https:\/\/titanic.eu\/en\/wp-json\/wp\/v2\/pages\/592\/revisions\/1597"}],"wp:attachment":[{"href":"https:\/\/titanic.eu\/en\/wp-json\/wp\/v2\/media?parent=592"}],"curies":[{"name":"wp","href":"https:\/\/api.w.org\/{rel}","templated":true}]}}