{"id":883,"date":"2019-11-27T19:28:37","date_gmt":"2019-11-27T18:28:37","guid":{"rendered":"https:\/\/titanic.eu\/?page_id=883"},"modified":"2022-09-01T10:22:47","modified_gmt":"2022-09-01T08:22:47","slug":"creditos","status":"publish","type":"page","link":"https:\/\/titanic.eu\/en\/la-exposicion\/creditos\/","title":{"rendered":"Credits"},"content":{"rendered":"<div data-elementor-type=\"wp-post\" data-elementor-id=\"883\" class=\"elementor elementor-883\" data-elementor-post-type=\"page\">\n\t\t\t\t\t\t<section class=\"elementor-section elementor-top-section elementor-element elementor-element-fc20e2f elementor-section-full_width elementor-section-height-min-height elementor-section-height-default elementor-section-items-middle\" data-id=\"fc20e2f\" data-element_type=\"section\" data-e-type=\"section\" data-settings=\"{&quot;background_background&quot;:&quot;classic&quot;}\">\n\t\t\t\t\t\t\t<div class=\"elementor-background-overlay\"><\/div>\n\t\t\t\t\t\t\t<div class=\"elementor-container elementor-column-gap-default\">\n\t\t\t\t\t<div class=\"elementor-column elementor-col-100 elementor-top-column elementor-element elementor-element-c5d1af3\" data-id=\"c5d1af3\" data-element_type=\"column\" data-e-type=\"column\">\n\t\t\t<div class=\"elementor-widget-wrap elementor-element-populated\">\n\t\t\t\t\t\t<div class=\"elementor-element elementor-element-d3b113d elementor-view-default elementor-position-top elementor-widget elementor-widget-themo-header\" data-id=\"d3b113d\" data-element_type=\"widget\" data-e-type=\"widget\" data-widget_type=\"themo-header.default\">\n\t\t\t\t<div class=\"elementor-widget-container\">\n\t\t\t\t\t\t\t<div class=\"th-header-wrap\">\n        <div class=\"elementor-icon-box-wrapper\">\n                            <div class=\"elementor-icon-box-content\">\n                    <h1 class=\"elementor-icon-box-title\">\n                        CREDITS                    <\/h1>\n                                            <span class=\"th-header-divider\"><\/span>\n                                        <p class=\"elementor-icon-box-description\"><\/p>\n\n                                    <\/div>\n            <\/div>\n\n        <\/div>\n\n\t\t\t\t\t\t<\/div>\n\t\t\t\t<\/div>\n\t\t\t\t\t<\/div>\n\t\t<\/div>\n\t\t\t\t\t<\/div>\n\t\t<\/section>\n\t\t\t\t<section class=\"elementor-section elementor-top-section elementor-element elementor-element-571de67 elementor-section-boxed elementor-section-height-default elementor-section-height-default\" data-id=\"571de67\" data-element_type=\"section\" data-e-type=\"section\" data-settings=\"{&quot;background_background&quot;:&quot;classic&quot;}\">\n\t\t\t\t\t\t<div class=\"elementor-container elementor-column-gap-extended\">\n\t\t\t\t\t<div class=\"elementor-column elementor-col-50 elementor-top-column elementor-element elementor-element-11d52cd\" data-id=\"11d52cd\" data-element_type=\"column\" data-e-type=\"column\">\n\t\t\t<div class=\"elementor-widget-wrap elementor-element-populated\">\n\t\t\t\t\t\t<div class=\"elementor-element elementor-element-6365548 elementor-widget elementor-widget-text-editor\" data-id=\"6365548\" data-element_type=\"widget\" data-e-type=\"widget\" data-widget_type=\"text-editor.default\">\n\t\t\t\t<div class=\"elementor-widget-container\">\n\t\t\t\t\t\t\t\t\t<p><a href=\"http:\/\/www.musealia.net\/\" target=\"_blank\" rel=\"noopener\">Musealia<\/a>, the company that created Titanic The Exhibition would like to thank the following people and institutions for their collaboration and contributions to make the exhibition possible:<\/p>\t\t\t\t\t\t\t\t<\/div>\n\t\t\t\t<\/div>\n\t\t\t\t<div class=\"elementor-element elementor-element-eb4e122 elementor-widget elementor-widget-text-editor\" data-id=\"eb4e122\" data-element_type=\"widget\" data-e-type=\"widget\" data-widget_type=\"text-editor.default\">\n\t\t\t\t<div class=\"elementor-widget-container\">\n\t\t\t\t\t\t\t\t\t<p>CLAES-G\u00d6RAN WETTERHOLM \u2013 GUNILLA &amp; AMY GENRUP \u2013 HJ\u00d6RDIS OHLSSON\u00a0\u2013 CRAIG &amp; RUTH SOPIN \u2013 JOAN RANDALL \u2013 PER &amp; ANNA-GRETA NILSSON \u2013 SUSANNE MURDOCH \u2013 JILL STUIFBERGEN \u2013 G\u00dcNTER B\u00c4BLER \u2013 ANN-CHARLOTTE, KAJ &amp; PATRICK B\u00c4CK \u2013 BRIGITTE SAAR &#8211;\u00a0BO &amp; DORIS STRANDBERG \u2013 LARS ERIK &amp; ELISABETH SVENNERBY &#8211; BO JERNDELL \u2013 YVONE &amp; BENGT M\u00d6LLER-JONSSON\u00a0\u2013 <span class=\"Apple-converted-space\">FAMILIA UGARTE \u2013 LENA KINDBLOM &#8211; PER WARVLIN<br \/><\/span><\/p>\t\t\t\t\t\t\t\t<\/div>\n\t\t\t\t<\/div>\n\t\t\t\t\t<\/div>\n\t\t<\/div>\n\t\t\t\t<div class=\"elementor-column elementor-col-50 elementor-top-column elementor-element elementor-element-0865c75\" data-id=\"0865c75\" data-element_type=\"column\" data-e-type=\"column\">\n\t\t\t<div class=\"elementor-widget-wrap elementor-element-populated\">\n\t\t\t\t\t\t<div class=\"elementor-element elementor-element-f45901f elementor-widget elementor-widget-text-editor\" data-id=\"f45901f\" data-element_type=\"widget\" data-e-type=\"widget\" data-widget_type=\"text-editor.default\">\n\t\t\t\t<div class=\"elementor-widget-container\">\n\t\t\t\t\t\t\t\t\t<ul><li><strong>Director:<\/strong> Luis Ferreiro<\/li><li><strong>Executive Producers:<\/strong> Jos\u00e9 Antonio M\u00fagica &amp; Maite Aguirre<\/li><li><strong>Historian Curator:<\/strong> Claes-G\u00f6ran Wetterholm<\/li><li><strong>Conservator:<\/strong> Bo Jerndell<\/li><li><strong>Communication and Marketing Manager:<\/strong> Ic\u00edar Palacios<\/li><li><strong>Communication and Marketing Assistant:<\/strong> Irene Pagalday<\/li><li><strong>Collections:<\/strong> Ana Gal\u00e1n<\/li><li><strong>Accounts:<\/strong> Amaia M\u00fagica<\/li><li><strong>Exhibition Building Team:<\/strong> Roberto Sancho, Marco Antonio Rubio, Oscar Gallego,\u00a0Vicente Pertegal, Jaime Tutistar, Rom\u00e1n Morales<\/li><\/ul>\t\t\t\t\t\t\t\t<\/div>\n\t\t\t\t<\/div>\n\t\t\t\t\t<\/div>\n\t\t<\/div>\n\t\t\t\t\t<\/div>\n\t\t<\/section>\n\t\t\t\t<section class=\"elementor-section elementor-top-section elementor-element elementor-element-b2f449c elementor-section-boxed elementor-section-height-default elementor-section-height-default\" data-id=\"b2f449c\" data-element_type=\"section\" data-e-type=\"section\" data-settings=\"{&quot;background_background&quot;:&quot;classic&quot;}\">\n\t\t\t\t\t\t<div class=\"elementor-container elementor-column-gap-wide\">\n\t\t\t\t\t<div class=\"elementor-column elementor-col-100 elementor-top-column elementor-element elementor-element-6c34fc0\" data-id=\"6c34fc0\" data-element_type=\"column\" data-e-type=\"column\">\n\t\t\t<div class=\"elementor-widget-wrap elementor-element-populated\">\n\t\t\t\t\t\t<div class=\"elementor-element elementor-element-b04bf7f elementor-widget elementor-widget-spacer\" data-id=\"b04bf7f\" data-element_type=\"widget\" data-e-type=\"widget\" data-widget_type=\"spacer.default\">\n\t\t\t\t<div class=\"elementor-widget-container\">\n\t\t\t\t\t\t\t<div class=\"elementor-spacer\">\n\t\t\t<div class=\"elementor-spacer-inner\"><\/div>\n\t\t<\/div>\n\t\t\t\t\t\t<\/div>\n\t\t\t\t<\/div>\n\t\t\t\t<div class=\"elementor-element elementor-element-6f162aa elementor-widget elementor-widget-text-editor\" data-id=\"6f162aa\" data-element_type=\"widget\" data-e-type=\"widget\" data-widget_type=\"text-editor.default\">\n\t\t\t\t<div class=\"elementor-widget-container\">\n\t\t\t\t\t\t\t\t\t<p class=\"translation-block\">All historical images included in this website and promotional media of Titanic The Exhibition belong to the personal archive of <strong>\u00a9 Claes G\u00f6ran-Wetterholm<\/strong>. Its use or reproduction is prohibited without prior authorization. Please <span style=\"text-decoration: underline\"><a href=\"https:\/\/titanic.eu\/en\/contacto\/\" target=\"_self\">contact us<\/a><\/span> for more information.<\/p>\t\t\t\t\t\t\t\t<\/div>\n\t\t\t\t<\/div>\n\t\t\t\t<div class=\"elementor-element elementor-element-e472801 elementor-widget elementor-widget-spacer\" data-id=\"e472801\" data-element_type=\"widget\" data-e-type=\"widget\" data-widget_type=\"spacer.default\">\n\t\t\t\t<div class=\"elementor-widget-container\">\n\t\t\t\t\t\t\t<div class=\"elementor-spacer\">\n\t\t\t<div class=\"elementor-spacer-inner\"><\/div>\n\t\t<\/div>\n\t\t\t\t\t\t<\/div>\n\t\t\t\t<\/div>\n\t\t\t\t\t<\/div>\n\t\t<\/div>\n\t\t\t\t\t<\/div>\n\t\t<\/section>\n\t\t\t\t<section class=\"elementor-section elementor-top-section elementor-element elementor-element-d8f8e84 elementor-section-boxed elementor-section-height-default elementor-section-height-default\" data-id=\"d8f8e84\" data-element_type=\"section\" data-e-type=\"section\" data-settings=\"{&quot;background_background&quot;:&quot;classic&quot;}\">\n\t\t\t\t\t\t<div class=\"elementor-container elementor-column-gap-default\">\n\t\t\t\t\t<div class=\"elementor-column elementor-col-100 elementor-top-column elementor-element elementor-element-5ba2e77\" data-id=\"5ba2e77\" data-element_type=\"column\" data-e-type=\"column\">\n\t\t\t<div class=\"elementor-widget-wrap elementor-element-populated\">\n\t\t\t\t\t\t<div class=\"elementor-element elementor-element-4fb46d8 elementor-widget elementor-widget-text-editor\" data-id=\"4fb46d8\" data-element_type=\"widget\" data-e-type=\"widget\" data-widget_type=\"text-editor.default\">\n\t\t\t\t<div class=\"elementor-widget-container\">\n\t\t\t\t\t\t\t\t\t<p><span style=\"color: #333333;\"><strong>In memorian <\/strong>Jes\u00fas Ferreiro Aguirre \/ Henrik Stuifbergen<\/span><\/p>\t\t\t\t\t\t\t\t<\/div>\n\t\t\t\t<\/div>\n\t\t\t\t\t<\/div>\n\t\t<\/div>\n\t\t\t\t\t<\/div>\n\t\t<\/section>\n\t\t\t\t<section class=\"elementor-section elementor-top-section elementor-element elementor-element-bqlt0sn elementor-section-boxed elementor-section-height-default elementor-section-height-default\" data-id=\"bqlt0sn\" data-element_type=\"section\" data-e-type=\"section\" data-settings=\"{&quot;background_background&quot;:&quot;classic&quot;}\">\n\t\t\t\t\t\t<div class=\"elementor-container elementor-column-gap-default\">\n\t\t\t\t\t<div class=\"elementor-column elementor-col-33 elementor-top-column elementor-element elementor-element-gcm8twg\" data-id=\"gcm8twg\" data-element_type=\"column\" data-e-type=\"column\">\n\t\t\t<div class=\"elementor-widget-wrap\">\n\t\t\t\t\t\t\t<\/div>\n\t\t<\/div>\n\t\t\t\t<div class=\"elementor-column elementor-col-33 elementor-top-column elementor-element elementor-element-dc6c5b6\" data-id=\"dc6c5b6\" data-element_type=\"column\" data-e-type=\"column\">\n\t\t\t<div class=\"elementor-widget-wrap elementor-element-populated\">\n\t\t\t\t\t\t<div class=\"elementor-element elementor-element-2cf6443 elementor-widget elementor-widget-image\" data-id=\"2cf6443\" data-element_type=\"widget\" data-e-type=\"widget\" data-widget_type=\"image.default\">\n\t\t\t\t<div class=\"elementor-widget-container\">\n\t\t\t\t\t\t\t\t\t\t\t\t\t\t\t\t<a href=\"http:\/\/www.musealia.net\" target=\"_blank\">\n\t\t\t\t\t\t\t<img fetchpriority=\"high\" decoding=\"async\" width=\"458\" height=\"281\" src=\"https:\/\/titanic.eu\/wp-content\/uploads\/2019\/11\/logo_musealia_creditos.png\" class=\"attachment-large size-large wp-image-901\" alt=\"\" srcset=\"https:\/\/titanic.eu\/wp-content\/uploads\/2019\/11\/logo_musealia_creditos.png 458w, https:\/\/titanic.eu\/wp-content\/uploads\/2019\/11\/logo_musealia_creditos-300x184.png 300w, https:\/\/titanic.eu\/wp-content\/uploads\/2019\/11\/logo_musealia_creditos-65x40.png 65w, https:\/\/titanic.eu\/wp-content\/uploads\/2019\/11\/logo_musealia_creditos-130x80.png 130w, https:\/\/titanic.eu\/wp-content\/uploads\/2019\/11\/logo_musealia_creditos-394x242.png 394w\" sizes=\"(max-width: 458px) 100vw, 458px\" \/>\t\t\t\t\t\t\t\t<\/a>\n\t\t\t\t\t\t\t\t\t\t\t\t\t\t\t<\/div>\n\t\t\t\t<\/div>\n\t\t\t\t\t<\/div>\n\t\t<\/div>\n\t\t\t\t<div class=\"elementor-column elementor-col-33 elementor-top-column elementor-element elementor-element-e974937\" data-id=\"e974937\" data-element_type=\"column\" data-e-type=\"column\">\n\t\t\t<div class=\"elementor-widget-wrap\">\n\t\t\t\t\t\t\t<\/div>\n\t\t<\/div>\n\t\t\t\t\t<\/div>\n\t\t<\/section>\n\t\t\t\t<\/div>","protected":false},"excerpt":{"rendered":"<p>CR\u00c9DITOS Musealia, compa\u00f1\u00eda creadora de Titanic The Exhibition, desea agradecer a las siguientes personas e instituciones su colaboraci\u00f3n y sus&nbsp;aportaciones para poder&nbsp;realizar la exposici\u00f3n: CLAES-G\u00d6RAN WETTERHOLM \u2013 GUNILLA &amp; AMY GENRUP \u2013 HJ\u00d6RDIS OHLSSON\u00a0\u2013 CRAIG &amp; RUTH SOPIN \u2013 JOAN &hellip; <a href=\"https:\/\/titanic.eu\/en\/la-exposicion\/creditos\/\">Read More<\/a><\/p>","protected":false},"author":2,"featured_media":0,"parent":376,"menu_order":17,"comment_status":"closed","ping_status":"closed","template":"","meta":{"_acf_changed":false,"_seopress_robots_primary_cat":"","_seopress_titles_title":"","_seopress_titles_desc":"","_seopress_robots_index":"","footnotes":""},"class_list":["post-883","page","type-page","status-publish","hentry"],"acf":[],"_links":{"self":[{"href":"https:\/\/titanic.eu\/en\/wp-json\/wp\/v2\/pages\/883","targetHints":{"allow":["GET"]}}],"collection":[{"href":"https:\/\/titanic.eu\/en\/wp-json\/wp\/v2\/pages"}],"about":[{"href":"https:\/\/titanic.eu\/en\/wp-json\/wp\/v2\/types\/page"}],"author":[{"embeddable":true,"href":"https:\/\/titanic.eu\/en\/wp-json\/wp\/v2\/users\/2"}],"replies":[{"embeddable":true,"href":"https:\/\/titanic.eu\/en\/wp-json\/wp\/v2\/comments?post=883"}],"version-history":[{"count":42,"href":"https:\/\/titanic.eu\/en\/wp-json\/wp\/v2\/pages\/883\/revisions"}],"predecessor-version":[{"id":1604,"href":"https:\/\/titanic.eu\/en\/wp-json\/wp\/v2\/pages\/883\/revisions\/1604"}],"up":[{"embeddable":true,"href":"https:\/\/titanic.eu\/en\/wp-json\/wp\/v2\/pages\/376"}],"wp:attachment":[{"href":"https:\/\/titanic.eu\/en\/wp-json\/wp\/v2\/media?parent=883"}],"curies":[{"name":"wp","href":"https:\/\/api.w.org\/{rel}","templated":true}]}}